{"id":609,"date":"2020-06-14T17:26:51","date_gmt":"2020-06-14T14:26:51","guid":{"rendered":"http:\/\/technologistwomen.org\/?page_id=609"},"modified":"2022-05-07T19:20:51","modified_gmt":"2022-05-07T16:20:51","slug":"misyonvizyon","status":"publish","type":"page","link":"https:\/\/www.technologistwomen.org\/index.php\/misyonvizyon\/","title":{"rendered":"MisyonVizyon"},"content":{"rendered":"<p><div class=\"fusion-fullwidth fullwidth-box nonhundred-percent-fullwidth non-hundred-percent-height-scrolling\"  style='background-color: #ffffff;background-position: left top;background-repeat: no-repeat;padding-top:0px;padding-right:0px;padding-bottom:0px;padding-left:0px;border-top-width:0px;border-bottom-width:0px;border-color:#eae9e9;border-top-style:solid;border-bottom-style:solid;'><div class=\"fusion-builder-row fusion-row \"><div  class=\"fusion-layout-column fusion_builder_column fusion_builder_column_1_1 fusion-builder-column-1 fusion-one-full fusion-column-first fusion-column-last fusion-blend-mode fusion-column-no-min-height 1_1\"  style='margin-top:0px;margin-bottom:0px;'>\n\t\t\t\t\t<div class=\"fusion-column-wrapper\" style=\"background-color:#ffffff;padding: 0px 0px 0px 0px;background-position:left top;background-repeat:no-repeat;-webkit-background-size:cover;-moz-background-size:cover;-o-background-size:cover;background-size:cover;\"   data-bg-url=\"\">\n\t\t\t\t\t\t<div class=\"fusion-text\"><div class=\"tdm_block td_block_wrap tdm_block_column_title tdi_7_e65 tdm-content-horiz-center td-pb-border-top td_block_template_1\" data-td-block-uid=\"tdi_7_e65\">\n<div class=\"td-block-row\">\n<div class=\"td-block-span12 tdm-col\">\n<div class=\"tds-title tds-title1 td-fix-index tdi_8_1e1\">\n<h2 class=\"tdm-title tdm-title-bg\"><strong>Hakk\u0131m\u0131zda<\/strong><\/h2>\n<\/div>\n<\/div>\n<\/div>\n<\/div>\n<div class=\"td_block_wrap td_block_text_with_title tdi_9_eed tagdiv-type td-pb-border-top td_block_template_1\" data-td-block-uid=\"tdi_9_eed\">\n<div class=\"td_mod_wrap td-fix-index\">\n<h5>Ticari kayg\u0131lardan uzak bir \u00e7izgide ve ba\u011f\u0131ms\u0131z bir yap\u0131da kurulmu\u015f bir platformdur.<\/h5>\n<h5>Bu \u00e7er\u00e7evede\u00a0<strong>Technologist Women Platformu<\/strong>\u2019nun vizyonu, misyonumuz, ama\u00e7 ve ilkeleri a\u015fa\u011f\u0131daki \u015fekilde tan\u0131mlanm\u0131\u015ft\u0131r.<\/h5>\n<h2><strong>Vizyonumuz:<\/strong><\/h2>\n<h5>\u00dclkemizde istihdam edilen teknoloji uzman\u0131 kad\u0131n say\u0131s\u0131 ile b\u00f6lgesinde liderlik olarak \u00f6ne \u00e7\u0131kmas\u0131d\u0131r.<\/h5>\n<h2><strong>Misyonumuz:<\/strong><\/h2>\n<p>D\u00fcnyada ve \u00fclkemizde; dikkat \u00e7eken cinsiyet bazl\u0131 f\u0131rsat e\u015fitli\u011fi ve istihdam konular\u0131; \u00f6zellikle bili\u015fim, yaz\u0131l\u0131m ve m\u00fchendislik sekt\u00f6rlerinde istenen d\u00fczeyde de\u011fildir.<\/p>\n<p>S\u00fcrd\u00fcr\u00fclebilir Kalk\u0131nma Hedeflerinin 5. Maddesi olan \u201cToplumsal Cinsiyet E\u015fitli\u011fi\u201dnin de dikkat \u00e7ekti\u011fi \u00fczere kad\u0131nlar ve k\u0131z \u00e7ocuklar\u0131n\u0131n g\u00fc\u00e7lendirilmesinin ekonomik b\u00fcy\u00fcmeyi ve her alandaki geli\u015fmeyi h\u0131zland\u0131rd\u0131\u011f\u0131 ifade edilmektedir. Kad\u0131nlar\u0131n teknoloji alan\u0131ndaki bilgi ve becerisini artt\u0131rmak, \u00a0teknoloji ekosistemindeki gmr\u00fcn\u00fcklerini artt\u0131rmak ve teknoloji temelli yeni nesil i\u015flerde istihdamlar\u0131n\u0131 artt\u0131rmakt\u0131r.<\/p>\n<p>Bili\u015fim Sanayicileri Derne\u011fi (T\u00dcB\u0130SAD) taraf\u0131ndan haz\u0131rlanan \u201cT\u00fcrkiye\u2019nin Dijitalle\u015fme Endeksi Raporu\u201dna g\u00f6re T\u00fcrkiye\u2019nin dijitalle\u015fme notu 2019\u2019da 5 \u00fczerinden 2,94 iken 2020\u2019de 3,06\u2019ya y\u00fckselmi\u015ftir. T\u00fcrkiye, endeksindeki t\u00fcm bile\u015fenlerde ge\u00e7ti\u011fimiz seneye g\u00f6re iyile\u015fme g\u00f6stermi\u015f olmas\u0131na ra\u011fmen \u00fclkemiz uluslararas\u0131 boyutta dijitalle\u015fmede \u201cortalama\u201d kategorisinde yer almaktad\u0131r. Raporun de\u011ferlendirildi\u011fi toplant\u0131da T\u00fcrkiye\u2019nin \u00f6n\u00fcne a\u00e7\u0131lan yeni f\u0131rsatlardan yararlanabilmesi i\u00e7in dijital d\u00f6n\u00fc\u015f\u00fcm konusunda h\u0131zla mesafe almas\u0131 gerekti\u011fine dikkat \u00e7ekildi. Bili\u015fim Sanayicileri Derne\u011fi (T\u00dcB\u0130SAD) raporunda dijital okuryazarl\u0131\u011f\u0131 art\u0131rmaya y\u00f6nelik \u00e7al\u0131\u015fmalar\u0131n yap\u0131lmas\u0131n\u0131 ve Bili\u015fim Teknolojileri alan\u0131nda kad\u0131n istihdam\u0131n\u0131n te\u015fvik edilmesini \u00f6nermektedir.<\/p>\n<p><strong>Technologist Women Platformu\u2019nun misyonu<\/strong>; kad\u0131nlar\u0131n teknoloji alan\u0131nda etkin yer alabilecekleri, pozitif ayr\u0131mc\u0131l\u0131k sa\u011flayacak sosyal sorumluluk projeleri \u00fcretmek ve bu projeler sayesinde bili\u015fim sekt\u00f6r\u00fcndeki kad\u0131n istihdam\u0131n\u0131n artt\u0131r\u0131lmas\u0131na destek sa\u011flamak ve \u00a0kad\u0131nlar\u0131n teknoloji ile \u00fclkenin \u00fcretim ekonomisinde s\u00fcrd\u00fcr\u00fclebilir yer edinmesini sa\u011flamakt\u0131r. #teknolojikad\u0131ni\u015fi<\/p>\n<h2><strong>\u0130lkelerimiz:<\/strong><\/h2>\n<ul>\n<li>Kar amac\u0131 ve ticari kayg\u0131 g\u00fctmemek,<\/li>\n<li>T\u00fcrkiye Cumhuriyeti Devleti\u2019nin \u00e7\u0131karlar\u0131na uygun hareket etmek,<\/li>\n<li>T\u00fcrkiye&#8217;nin dijital d\u00f6n\u00fc\u015f\u00fcm vizyonu ile birlikte hareket etmek,<\/li>\n<li>Teknoloji alan\u0131nda istihdam edilen teknoloji uzman\u0131 rol model kad\u0131n say\u0131s\u0131n\u0131n artt\u0131r\u0131lmas\u0131d\u0131r.\n<ul>\n<li>E\u011fitimler D\u00fczenlemek: \u00a0Seminerler, sertifika programlar\u0131, akademik yay\u0131nlar<\/li>\n<li>Etkinlikler: \u00c7al\u0131\u015ftaylar, konferanslar, paneller<\/li>\n<li>Yay\u0131nlar: Kitaplar, raporlar, dergi ve ekler, b\u00fcltenler<\/li>\n<li>\u0130\u00e7erikler: Haberler, makaleler, konuk konu\u015fmac\u0131lar ve yazarlar, m\u00fclakatlar, sosyal medya ve web i\u00e7erikleri<\/li>\n<li>\u0130\u015f Birlikleri: Yerli ve yabanc\u0131; kamu kurumlar\u0131, \u00fcniversiteler, d\u00fc\u015f\u00fcnce kurulu\u015flar\u0131, bilim, sanayi ve teknoloji akademileri) bulunmak.<\/li>\n<\/ul>\n<\/li>\n<\/ul>\n<\/div>\n<\/div>\n<\/div><div class=\"fusion-clearfix\"><\/div>\n\n\t\t\t\t\t<\/div>\n\t\t\t\t<\/div><\/div><\/div><div class=\"fusion-fullwidth fullwidth-box nonhundred-percent-fullwidth non-hundred-percent-height-scrolling fusion-equal-height-columns\"  style='background-color: rgba(255,255,255,0);background-position: left top;background-repeat: no-repeat;padding-top:40px;padding-right:0px;padding-bottom:60px;padding-left:0px;border-top-width:0px;border-bottom-width:0px;border-color:#eae9e9;border-top-style:solid;border-bottom-style:solid;'><div class=\"fusion-builder-row fusion-row \"><div  class=\"fusion-layout-column fusion_builder_column fusion_builder_column_1_2 fusion-builder-column-2 fusion-one-half fusion-column-first 1_2\"  style='margin-top:0px;margin-bottom:0px;'>\n\t\t\t\t\t<div class=\"fusion-column-wrapper\" style=\"padding: 0px 0px 0px 0px;background-image: url('http:\/\/technologistwomen.org\/wp-content\/uploads\/2015\/09\/mission_image2.jpg');background-position:left top;background-repeat:no-repeat;-webkit-background-size:cover;-moz-background-size:cover;-o-background-size:cover;background-size:cover;\"   data-bg-url=\"http:\/\/technologistwomen.org\/wp-content\/uploads\/2015\/09\/mission_image2.jpg\">\n\t\t\t\t\t\t<div class=\"fusion-clearfix\"><\/div>\n\n\t\t\t\t\t<\/div>\n\t\t\t\t<\/div><div  class=\"fusion-layout-column fusion_builder_column fusion_builder_column_1_2 fusion-builder-column-3 fusion-one-half fusion-column-last fusion-blend-mode 1_2\"  style='margin-top:0px;margin-bottom:0px;'>\n\t\t\t\t\t<div class=\"fusion-column-wrapper\" style=\"background-color:#ffffff;padding: 15% 15% 15% 15%;background-position:left top;background-repeat:no-repeat;-webkit-background-size:cover;-moz-background-size:cover;-o-background-size:cover;background-size:cover;\"   data-bg-url=\"\">\n\t\t\t\t\t\t<div class=\"fusion-column-content-centered\"><div class=\"fusion-column-content\"><div class=\"fusion-text\"><p><em>Tahmin etti\u011finden \u00e7ok ama \u00e7ok daha g\u00fc\u00e7l\u00fcs\u00fcn. Yeter ki inan! Ba\u015farman i\u00e7in inanman <strong>\u015fart<\/strong>..<\/em><\/p>\n<\/div><\/div><\/div><div class=\"fusion-clearfix\"><\/div>\n\n\t\t\t\t\t<\/div>\n\t\t\t\t<\/div><\/div><\/div><div class=\"fusion-fullwidth fullwidth-box nonhundred-percent-fullwidth non-hundred-percent-height-scrolling\"  style='background-color: rgba(255,255,255,0);background-position: left top;background-repeat: no-repeat;padding-top:0px;padding-right:0px;padding-bottom:40px;padding-left:0px;border-top-width:0px;border-bottom-width:0px;border-color:#eae9e9;border-top-style:solid;border-bottom-style:solid;'><div class=\"fusion-builder-row fusion-row \"><div  class=\"fusion-layout-column fusion_builder_column fusion_builder_column_1_1 fusion-builder-column-4 fusion-one-full fusion-column-first fusion-column-last fusion-column-no-min-height 1_1\"  style='margin-top:0px;margin-bottom:0px;'>\n\t\t\t\t\t<div class=\"fusion-column-wrapper\" style=\"padding: 0px 0px 0px 0px;background-position:left top;background-repeat:no-repeat;-webkit-background-size:cover;-moz-background-size:cover;-o-background-size:cover;background-size:cover;\"   data-bg-url=\"\">\n\t\t\t\t\t\t<div class=\"fusion-text\"><\/div><div class=\"fusion-clearfix\"><\/div>\n\n\t\t\t\t\t<\/div>\n\t\t\t\t<\/div><\/div><\/div><div class=\"fusion-fullwidth fullwidth-box hundred-percent-fullwidth non-hundred-percent-height-scrolling\"  style='background-color: #ececec;background-position: left top;background-repeat: no-repeat;padding-top:0px;padding-right:0px;padding-bottom:0px;padding-left:0px;border-top-width:0px;border-bottom-width:0px;border-color:#eae9e9;border-top-style:solid;border-bottom-style:solid;'><div class=\"fusion-builder-row fusion-row \"><div  class=\"fusion-layout-column fusion_builder_column fusion_builder_column_1_1 fusion-builder-column-5 fusion-one-full fusion-column-first fusion-column-last fusion-column-no-min-height 1_1\"  style='margin-top:0px;margin-bottom:0px;'>\n\t\t\t\t\t<div class=\"fusion-column-wrapper\" style=\"padding: 0px 0px 0px 0px;background-position:left top;background-repeat:no-repeat;-webkit-background-size:cover;-moz-background-size:cover;-o-background-size:cover;background-size:cover;\"   data-bg-url=\"\">\n\t\t\t\t\t\t<div class=\"fusion-clearfix\"><\/div>\n\n\t\t\t\t\t<\/div>\n\t\t\t\t<\/div><\/div><\/div><div class=\"fusion-fullwidth fullwidth-box hundred-percent-fullwidth non-hundred-percent-height-scrolling\"  style='background-color: rgba(255,255,255,0);background-position: center center;background-repeat: no-repeat;padding-top:0px;padding-right:0px;padding-bottom:0px;padding-left:0px;margin-top: 60px;'><div class=\"fusion-builder-row fusion-row \"><div  class=\"fusion-layout-column fusion_builder_column fusion_builder_column_1_1 fusion-builder-column-6 fusion-one-full fusion-column-first fusion-column-last fusion-column-no-min-height 1_1\"  style='margin-top:0px;margin-bottom:0px;'>\n\t\t\t\t\t<div class=\"fusion-column-wrapper\" style=\"padding: 0px 0px 0px 0px;background-position:left top;background-repeat:no-repeat;-webkit-background-size:cover;-moz-background-size:cover;-o-background-size:cover;background-size:cover;\"   data-bg-url=\"\">\n\t\t\t\t\t\t<div class=\"fusion-sep-clear\"><\/div><div class=\"fusion-separator fusion-full-width-sep sep-none\" style=\"margin-left: auto;margin-right: auto;margin-top:;\"><\/div><div class=\"fusion-clearfix\"><\/div>\n\n\t\t\t\t\t<\/div>\n\t\t\t\t<\/div><\/div><\/div><\/p>\n","protected":false},"excerpt":{"rendered":"","protected":false},"author":1,"featured_media":0,"parent":0,"menu_order":0,"comment_status":"closed","ping_status":"closed","template":"","meta":{"footnotes":""},"class_list":["post-609","page","type-page","status-publish","hentry"],"_links":{"self":[{"href":"https:\/\/www.technologistwomen.org\/index.php\/wp-json\/wp\/v2\/pages\/609","targetHints":{"allow":["GET"]}}],"collection":[{"href":"https:\/\/www.technologistwomen.org\/index.php\/wp-json\/wp\/v2\/pages"}],"about":[{"href":"https:\/\/www.technologistwomen.org\/index.php\/wp-json\/wp\/v2\/types\/page"}],"author":[{"embeddable":true,"href":"https:\/\/www.technologistwomen.org\/index.php\/wp-json\/wp\/v2\/users\/1"}],"replies":[{"embeddable":true,"href":"https:\/\/www.technologistwomen.org\/index.php\/wp-json\/wp\/v2\/comments?post=609"}],"version-history":[{"count":27,"href":"https:\/\/www.technologistwomen.org\/index.php\/wp-json\/wp\/v2\/pages\/609\/revisions"}],"predecessor-version":[{"id":2825,"href":"https:\/\/www.technologistwomen.org\/index.php\/wp-json\/wp\/v2\/pages\/609\/revisions\/2825"}],"wp:attachment":[{"href":"https:\/\/www.technologistwomen.org\/index.php\/wp-json\/wp\/v2\/media?parent=609"}],"curies":[{"name":"wp","href":"https:\/\/api.w.org\/{rel}","templated":true}]}}