{"id":40,"date":"2020-06-01T11:51:59","date_gmt":"2020-06-01T08:51:59","guid":{"rendered":"http:\/\/technologistwomen.org\/?page_id=40"},"modified":"2022-05-24T16:15:25","modified_gmt":"2022-05-24T13:15:25","slug":"home","status":"publish","type":"page","link":"https:\/\/www.technologistwomen.org\/","title":{"rendered":"AnaSayfa"},"content":{"rendered":"<p><div class=\"fusion-fullwidth fullwidth-box nonhundred-percent-fullwidth non-hundred-percent-height-scrolling\"  style='background-color: #ffffff;background-position: left top;background-repeat: no-repeat;padding-top:90px;padding-right:15%;padding-bottom:90px;padding-left:15%;border-top-width:0px;border-bottom-width:0px;border-color:#eae9e9;border-top-style:solid;border-bottom-style:solid;'><div class=\"fusion-builder-row fusion-row \"><div  class=\"fusion-layout-column fusion_builder_column fusion_builder_column_1_1 fusion-builder-column-1 fusion-one-full fusion-column-first fusion-column-last fusion-column-no-min-height 1_1\"  style='margin-top:0px;margin-bottom:0px;'>\n\t\t\t\t\t<div class=\"fusion-column-wrapper\" style=\"padding: 0px 0px 0px 0px;background-position:left top;background-repeat:no-repeat;-webkit-background-size:cover;-moz-background-size:cover;-o-background-size:cover;background-size:cover;\"   data-bg-url=\"\">\n\t\t\t\t\t\t<div class=\"fusion-text\"><h2 style=\"text-align: center;\"><strong><span style=\"color: #000000;\"><span style=\"color: #003366;\">Technologist<\/span> <span style=\"color: #800080;\">Women<\/span> <span style=\"color: #003366;\">Platformu<\/span><\/span><\/strong><\/h2>\n<p style=\"text-align: center;\">#<span style=\"color: #800080;\"><strong>iyiliki\u00e7inteknoloji<\/strong><\/span><\/p>\n<p><span style=\"color: #000000;\">Kad\u0131nlar\u0131n teknoloji &amp; dijital okuryazarl\u0131k seviyesini y\u00fckseltmek, teknoloji alan\u0131nda bilgi ve becerilerine geli\u015ftirerek, teknoloji ile ilgili gelece\u011fin mesleklerinde istihdamlar\u0131n\u0131 desteklemek ve teknolojide rol model olan kad\u0131nlar\u0131n k\u0131zlar\u0131m\u0131za ilham olabilmesi ad\u0131na etkinlik g\u00f6steren, kar amac\u0131 g\u00fctmeyen bir sivil toplum platformdur.<\/span><\/p>\n<p><span style=\"color: #800080;\"><strong>Ama\u00e7lar\u0131m\u0131z:<\/strong><\/span><\/p>\n<ul>\n<li><span style=\"color: #000000;\">Kad\u0131nlar\u0131n teknoloji okuryazarl\u0131k seviyesini y\u00fckseltmek,<\/span><\/li>\n<li><span style=\"color: #000000;\">Kad\u0131nlar\u0131n gelece\u011fin teknoloji temelleri mesleklerinde uzman olarak yer almas\u0131nda rol almak,<\/span><\/li>\n<li><span style=\"color: #000000;\">Kad\u0131nlar\u0131n teknoloji\u00a0 fark\u0131ndal\u0131k d\u00fczeylerini artt\u0131rmak i\u00e7in ilgili kurulu\u015flarla i\u015fbirli\u011fi yapmak ve toplumsal cinsiyet e\u015fitli\u011finin sa\u011flanmas\u0131na katk\u0131 sunmak,<\/span><\/li>\n<li><span style=\"color: #000000;\">Kad\u0131nlar\u0131n gelece\u011fin mesleklerinde daha fazla yer alabilmeleri i\u00e7in ilham verecek etkinlikler d\u00fczenlemek,<\/span><\/li>\n<li><span style=\"color: #000000;\">Teknoloji sekt\u00f6r\u00fcnde \u00e7al\u0131\u015fan kad\u0131nlar\u0131 ve erkekleri bir araya getirecek e\u011fitim, \u00e7al\u0131\u015ftay, seminer ve benzeri interaktif organizasyonlar yapmak,<\/span><\/li>\n<li><span style=\"color: #000000;\">Teknoloji ile ilgili \u00fcr\u00fcn ve hizmet \u00fcreten kurulu\u015flar\u0131n deste\u011fini almak,<\/span><\/li>\n<li><span style=\"color: #000000;\">K\u0131z \u00f6\u011frencilerin teknoloji ile ba\u011flar\u0131n\u0131 g\u00fc\u00e7lendirmek ve teknoloji alan\u0131ndaki e\u011fitimlerini desteklemek,<\/span><\/li>\n<li><span style=\"color: #000000;\">Ulusal ve uluslararas\u0131 organizasyonlarda yer alarak k\u0131z \u00f6\u011frencilerin teknoloji alan\u0131nda yapt\u0131klar\u0131 \u00e7al\u0131\u015fmalar\u0131 desteklemek ve rol model mentorlerle bulu\u015fmalar\u0131n\u0131 sa\u011flamakt\u0131r.<\/span><\/li>\n<\/ul>\n<\/div><div class=\"fusion-clearfix\"><\/div>\n\n\t\t\t\t\t<\/div>\n\t\t\t\t<\/div><\/div><\/div><div class=\"fusion-fullwidth fullwidth-box nonhundred-percent-fullwidth non-hundred-percent-height-scrolling\"  style='background-color: rgba(0,0,0,0);background-position: center center;background-repeat: no-repeat;padding-top:0px;padding-right:0px;padding-bottom:0px;padding-left:0px;'><div class=\"fusion-builder-row fusion-row \"><div  class=\"fusion-layout-column fusion_builder_column fusion_builder_column_1_1 fusion-builder-column-2 fusion-one-full fusion-column-first fusion-column-last 1_1\"  style='margin-top:0px;margin-bottom:0px;'>\n\t\t\t\t\t<div class=\"fusion-column-wrapper\" style=\"padding: 0px 0px 0px 0px;background-position:left top;background-repeat:no-repeat;-webkit-background-size:cover;-moz-background-size:cover;-o-background-size:cover;background-size:cover;\"   data-bg-url=\"\">\n\t\t\t\t\t\t<div class=\"fusion-sep-clear\"><\/div><div class=\"fusion-separator fusion-full-width-sep sep-none\" style=\"margin-left: auto;margin-right: auto;margin-top:5px;margin-bottom:5px;\"><\/div><div class=\"fusion-clearfix\"><\/div>\n\n\t\t\t\t\t<\/div>\n\t\t\t\t<\/div><\/div><\/div><div class=\"fusion-fullwidth fullwidth-box nonhundred-percent-fullwidth non-hundred-percent-height-scrolling\"  style='background-color: rgba(255,255,255,0);background-position: center center;background-repeat: no-repeat;padding-top:0px;padding-right:0px;padding-bottom:0px;padding-left:0px;'><div class=\"fusion-builder-row fusion-row \"><div  class=\"fusion-layout-column fusion_builder_column fusion_builder_column_1_1 fusion-builder-column-3 fusion-one-full fusion-column-first fusion-column-last 1_1\"  style='margin-top:0px;margin-bottom:0px;'>\n\t\t\t\t\t<div class=\"fusion-column-wrapper\" style=\"padding: 0px 0px 0px 0px;background-position:left top;background-repeat:no-repeat;-webkit-background-size:cover;-moz-background-size:cover;-o-background-size:cover;background-size:cover;\"   data-bg-url=\"\">\n\t\t\t\t\t\t<link href=\"\/\/cdn-images.mailchimp.com\/embedcode\/horizontal-slim-10_7.css\" rel=\"stylesheet\" type=\"text\/css\">\n<style type=\"text\/css\">\n\t#mc_embed_signup{background:#fff; clear:left; font:14px Helvetica,Arial,sans-serif; width:100%;}\n\t\/* Add your own Mailchimp form style overrides in your site stylesheet or in this style block.\n\t   We recommend moving this block and the preceding CSS link to the HEAD of your HTML file. *\/\n<\/style>\n<div id=\"mc_embed_signup\">\n<form action=\"https:\/\/technologistwomen.us10.list-manage.com\/subscribe\/post?u=267a6bec86fe4d2759d3ba03d&id=5b20484207\" method=\"post\" id=\"mc-embedded-subscribe-form\" name=\"mc-embedded-subscribe-form\" class=\"validate\" target=\"_blank\" novalidate>\n    <div id=\"mc_embed_signup_scroll\">\n\t<label for=\"mce-EMAIL\">Geli\u015fmelerden Haberdar Olmak \u0130\u00e7in Abone Ol!<\/label>\n\t<input type=\"email\" value=\"\" name=\"EMAIL\" class=\"email\" id=\"mce-EMAIL\" placeholder=\"E-mail Adresiniz\" required>\n    <div style=\"position: absolute; left: -5000px;\" aria-hidden=\"true\"><input type=\"text\" name=\"b_267a6bec86fe4d2759d3ba03d_5b20484207\" tabindex=\"-1\" value=\"\"><\/div>\n    <div class=\"clear\"><input type=\"submit\" value=\"Abone Ol!\" name=\"Abone Ol!\" id=\"mc-embedded-subscribe\" class=\"button\"><\/div>\n    <\/div>\n<\/form>\n<\/div>\n\n<!--End mc_embed_signup-->\n<div class=\"fusion-clearfix\"><\/div>\n\n\t\t\t\t\t<\/div>\n\t\t\t\t<\/div><\/div><\/div><\/p>\n","protected":false},"excerpt":{"rendered":"","protected":false},"author":1,"featured_media":0,"parent":0,"menu_order":0,"comment_status":"closed","ping_status":"open","template":"100-width.php","meta":{"footnotes":""},"class_list":["post-40","page","type-page","status-publish","hentry"],"_links":{"self":[{"href":"https:\/\/www.technologistwomen.org\/index.php\/wp-json\/wp\/v2\/pages\/40","targetHints":{"allow":["GET"]}}],"collection":[{"href":"https:\/\/www.technologistwomen.org\/index.php\/wp-json\/wp\/v2\/pages"}],"about":[{"href":"https:\/\/www.technologistwomen.org\/index.php\/wp-json\/wp\/v2\/types\/page"}],"author":[{"embeddable":true,"href":"https:\/\/www.technologistwomen.org\/index.php\/wp-json\/wp\/v2\/users\/1"}],"replies":[{"embeddable":true,"href":"https:\/\/www.technologistwomen.org\/index.php\/wp-json\/wp\/v2\/comments?post=40"}],"version-history":[{"count":242,"href":"https:\/\/www.technologistwomen.org\/index.php\/wp-json\/wp\/v2\/pages\/40\/revisions"}],"predecessor-version":[{"id":2836,"href":"https:\/\/www.technologistwomen.org\/index.php\/wp-json\/wp\/v2\/pages\/40\/revisions\/2836"}],"wp:attachment":[{"href":"https:\/\/www.technologistwomen.org\/index.php\/wp-json\/wp\/v2\/media?parent=40"}],"curies":[{"name":"wp","href":"https:\/\/api.w.org\/{rel}","templated":true}]}}