{"id":2722,"date":"2022-03-09T15:36:37","date_gmt":"2022-03-09T12:36:37","guid":{"rendered":"https:\/\/www.technologistwomen.org\/?page_id=2722"},"modified":"2022-06-06T10:24:35","modified_gmt":"2022-06-06T07:24:35","slug":"guvenlik-uzmanligi","status":"publish","type":"page","link":"https:\/\/www.technologistwomen.org\/index.php\/guvenlik-uzmanligi\/","title":{"rendered":"G\u00fcvenlik Uzmanl\u0131\u011f\u0131"},"content":{"rendered":"<h2><\/h2>\n<h2 style=\"text-align: center;\"><span style=\"color: #ff0000;\"><strong>NETWORK SECURITY E\u011e\u0130T\u0130M\u0130<\/strong><\/span><\/h2>\n<p style=\"text-align: center;\"><span style=\"color: #ff0000;\"><strong>[HABITAT<\/strong>] [<strong>ZEMIN<\/strong> <strong>\u0130STANBUL<\/strong>] [<strong>VER\u0130<\/strong> <strong>LAB<\/strong>.] [<strong>TECHNOLOGIST<\/strong> <strong>WOMEN<\/strong>]<\/span><\/p>\n<p style=\"text-align: center;\"><span style=\"color: #339966;\"><strong>GELECE\u011e\u0130N \u0130\u015eLER\u0130 ODA\u011eINDA <\/strong><\/span><\/p>\n<p style=\"text-align: center;\"><span style=\"color: #339966;\"><strong>ARANAN NETWORK G\u00dcVENL\u0130K UZMANI YET\u0130\u015eT\u0130RME PROGRAMI<\/strong><\/span><\/p>\n<p style=\"text-align: center;\"><strong>#UmutluGelecek #G\u00fcvenliGelecek <\/strong><\/p>\n<p style=\"text-align: center;\"><strong>#Yeni\u0130\u015fim #Gelece\u011fimin\u0130\u015fi #Gen\u00e7\u0130\u015fi #Kad\u0131n\u0130\u015fi<\/strong><\/p>\n<p style=\"text-align: center;\"><strong>#NetworkG\u00fcvenlikUzman\u0131<\/strong><\/p>\n<p style=\"text-align: center;\"><strong>Online Network G\u00fcvenlik Uzman\u0131 Yeti\u015ftirme Program\u0131 ba\u015flat\u0131yoruz!<\/strong><\/p>\n<p style=\"text-align: left;\"><span style=\"color: #339966;\"><strong>Network Security E\u011fitimi<\/strong><\/span><\/p>\n<p style=\"text-align: left;\"><strong>Program\u0131n amac\u0131<\/strong>, teknoloji alan\u0131nda sekt\u00f6r\u00fcn ihtiya\u00e7 duydu\u011fu insan k\u0131ymetini yeti\u015ftirmektir.<\/p>\n<p>\u00dclkemizde ve d\u00fcnyada y\u00fcksek oranda istihdam a\u00e7\u0131\u011f\u0131 olan Network G\u00fcvenli\u011fi alan\u0131nda \u201c<strong>Network G\u00fcvenlik Uzman\u0131\u201d<\/strong> yeti\u015ftirmektir<\/p>\n<p><strong>De\u011fer \u00f6nerimiz, <\/strong>Bug\u00fcn\u00fcn ve gelece\u011fin de\u011ferli mesle\u011fi Network G\u00fcvenlik Uzmanl\u0131\u011f\u0131 ile ilgili i\u015f g\u00fcc\u00fcne akademik e\u011fitim alam\u0131\u015f ve alanda bilgi ve becerisini global sertifikas\u0131 ile kan\u0131tlayabilen uzman yeti\u015fmesine katk\u0131 sunmakt\u0131r. Sekt\u00f6r\u00fcn alandaki uzman ihtiyac\u0131na destek olmakt\u0131r.<\/p>\n<p>Proje kapsam\u0131nda t\u00fcm sekt\u00f6rler i\u00e7in sertifikal\u0131 ve yetkin i\u015f g\u00fcc\u00fcne destek vermek i\u00e7in toplam <strong>8<\/strong> hafta s\u00fcrecek senkron ve asenkron ger\u00e7ekle\u015ftirilecek teorik ve uygulamal\u0131 &#8220;<strong>A\u011f G\u00fcvenli\u011fi<\/strong>&#8221;\u00a0e\u011fitim program\u0131 ger\u00e7ekle\u015ftirilerek \u201c<strong>Network G\u00fcvenlik Uzman\u0131\u201d<\/strong> yeti\u015ftirilecektir.<\/p>\n<p><strong>E\u011fitimin Ad\u0131: <\/strong>A\u011f G\u00fcvenli\u011fi (Network Security) E\u011fitimi<\/p>\n<p><strong>E\u011fitimin Amac\u0131:\u00a0<\/strong><\/p>\n<ul>\n<li>Temel a\u011f donan\u0131mlar\u0131n\u0131 g\u00fcvenli yap\u0131land\u0131rma,<\/li>\n<li>g\u00fcvenlik cihazlar\u0131n\u0131n kullan\u0131ld\u0131\u011f\u0131 a\u011f alt yap\u0131s\u0131 i\u00e7in Cisco g\u00fcvenlik cihazlar\u0131n\u0131n kurulumunu yapabilme,<\/li>\n<li>Veri b\u00fct\u00fcnl\u00fc\u011f\u00fcn\u00fc ve cihaz entegrasyonunu ger\u00e7ekle\u015ftirebilme,<\/li>\n<li>Veri gizlili\u011finin ve kullan\u0131labilirli\u011finin s\u00fcrd\u00fcr\u00fclebilir olmas\u0131n\u0131 sa\u011flama,<\/li>\n<li>A\u011f cihazlar\u0131n\u0131 izleyerek a\u011f\u0131 koruma ve a\u011fa izinsiz giri\u015fleri \u00f6nleme,<\/li>\n<li>Gelecek sorunlar i\u00e7in proaktif yakla\u015f\u0131m\u0131 kullanabilme becerisi kazanma ile yetkin insan k\u0131ymeti yeti\u015ftirmektir.<\/li>\n<\/ul>\n<p><strong>Kat\u0131l\u0131mc\u0131 S\u0131n\u0131r\u0131:<\/strong> Yok<\/p>\n<p><strong>Program\u0131n Hedefleri\/ Kazan\u0131mlar<\/strong><strong>:<\/strong><\/p>\n<p>Bu programda e\u011fitim sonundaki Final s\u0131nav\u0131ndan ba\u015far\u0131l\u0131 olan bireyler;<\/p>\n<p>E\u011fitim sonunda ba\u015far\u0131l\u0131 olan kat\u0131l\u0131mc\u0131lara Cisco Networking Academy&#8217;nin globalde ge\u00e7erli resmi akademi sertifikas\u0131 verilecektir.<\/p>\n<p style=\"text-align: center;\"><strong>Dijital Rozet,<\/strong><\/p>\n<p style=\"text-align: center;\"><strong>Kurs Tamamlama Belgesi,<\/strong><\/p>\n<p style=\"text-align: center;\"><strong>Ba\u015far\u0131 Mektubu sahibi olmak,<\/strong><\/p>\n<p style=\"text-align: center;\"><strong>\u0130stihdam f\u0131rsat\u0131 olu\u015fturmak.<\/strong><\/p>\n<p><img loading=\"lazy\" decoding=\"async\" class=\"aligncenter wp-image-2745\" src=\"https:\/\/www.technologistwomen.org\/wp-content\/uploads\/2022\/03\/Nwsec-300x170.png\" alt=\"\" width=\"297\" height=\"168\" srcset=\"https:\/\/www.technologistwomen.org\/wp-content\/uploads\/2022\/03\/Nwsec-200x114.png 200w, https:\/\/www.technologistwomen.org\/wp-content\/uploads\/2022\/03\/Nwsec-300x170.png 300w, https:\/\/www.technologistwomen.org\/wp-content\/uploads\/2022\/03\/Nwsec-400x227.png 400w, https:\/\/www.technologistwomen.org\/wp-content\/uploads\/2022\/03\/Nwsec-600x341.png 600w, https:\/\/www.technologistwomen.org\/wp-content\/uploads\/2022\/03\/Nwsec.png 743w\" sizes=\"auto, (max-width: 297px) 100vw, 297px\" \/><\/p>\n<p><strong>\u00a0<\/strong><strong>\u00d6n Ko\u015ful: &#8211; <\/strong><\/p>\n<p><strong>\u00d6neri:<\/strong> Kat\u0131l\u0131mc\u0131lar\u0131n a\u011f temelleri bilgisine sahip olmas\u0131<\/p>\n<p><strong>Hedef Kitle:<\/strong><\/p>\n<ul>\n<li>Network g\u00fcvenli\u011fi alan\u0131nda kariyer hedefi olan,<\/li>\n<li>Cisco global A\u011f G\u00fcvenli\u011fi sertifikas\u0131na sertifika sahip olmak isteyen,<\/li>\n<li>Siber g\u00fcvenlik alan\u0131nda \u00e7al\u0131\u015fan ya da \u00e7al\u0131\u015fmak isteyen,<\/li>\n<li>Kurumlar\u0131n bilgi i\u015flem birimlerinde network alan\u0131nda \u00e7al\u0131\u015fan,<\/li>\n<li>Veya Network G\u00fcvenli\u011fi alan\u0131nda bilgi ve becerisini geli\u015ftirerek, yetkinli\u011fini art\u0131rarak gelece\u011fin mesleklerine haz\u0131rlanan 18 ya\u015f \u00fcst\u00fc, en az lise d\u00fczeyinde ve temel bili\u015fim teknolojileri konular\u0131na h\u00e2kim bireylerdir.<\/li>\n<\/ul>\n","protected":false},"excerpt":{"rendered":"<p>NETWORK SECURITY E\u011e\u0130T\u0130M\u0130 [HABITAT] [ZEMIN \u0130STANBUL] [VER\u0130 LAB.] [TECHNOLOGIST WOMEN] GELECE\u011e\u0130N \u0130\u015eLER\u0130 ODA\u011eINDA ARANAN NETWORK G\u00dcVENL\u0130K UZMANI YET\u0130\u015eT\u0130RME PROGRAMI #UmutluGelecek #G\u00fcvenliGelecek #Yeni\u0130\u015fim [&hellip;]<\/p>\n","protected":false},"author":1,"featured_media":0,"parent":0,"menu_order":0,"comment_status":"closed","ping_status":"closed","template":"","meta":{"footnotes":""},"class_list":["post-2722","page","type-page","status-publish","hentry"],"_links":{"self":[{"href":"https:\/\/www.technologistwomen.org\/index.php\/wp-json\/wp\/v2\/pages\/2722","targetHints":{"allow":["GET"]}}],"collection":[{"href":"https:\/\/www.technologistwomen.org\/index.php\/wp-json\/wp\/v2\/pages"}],"about":[{"href":"https:\/\/www.technologistwomen.org\/index.php\/wp-json\/wp\/v2\/types\/page"}],"author":[{"embeddable":true,"href":"https:\/\/www.technologistwomen.org\/index.php\/wp-json\/wp\/v2\/users\/1"}],"replies":[{"embeddable":true,"href":"https:\/\/www.technologistwomen.org\/index.php\/wp-json\/wp\/v2\/comments?post=2722"}],"version-history":[{"count":9,"href":"https:\/\/www.technologistwomen.org\/index.php\/wp-json\/wp\/v2\/pages\/2722\/revisions"}],"predecessor-version":[{"id":2842,"href":"https:\/\/www.technologistwomen.org\/index.php\/wp-json\/wp\/v2\/pages\/2722\/revisions\/2842"}],"wp:attachment":[{"href":"https:\/\/www.technologistwomen.org\/index.php\/wp-json\/wp\/v2\/media?parent=2722"}],"curies":[{"name":"wp","href":"https:\/\/api.w.org\/{rel}","templated":true}]}}