{"id":2721,"date":"2022-03-09T15:36:37","date_gmt":"2022-03-09T12:36:37","guid":{"rendered":"https:\/\/www.technologistwomen.org\/?page_id=2721"},"modified":"2022-05-07T17:59:17","modified_gmt":"2022-05-07T14:59:17","slug":"siber-farkindalik","status":"publish","type":"page","link":"https:\/\/www.technologistwomen.org\/index.php\/siber-farkindalik\/","title":{"rendered":"Siber Fark\u0131ndal\u0131k"},"content":{"rendered":"<p style=\"text-align: center;\"><span style=\"color: #ff0000;\"><strong>#\u00dccretsiz #Herkesi\u00e7in<\/strong><\/span><\/p>\n<p style=\"text-align: center;\"><span style=\"color: #ff0000;\"><strong>#Siberg\u00fcvenlikfark\u0131ndal\u0131\u011f\u0131<\/strong><\/span><\/p>\n<p style=\"text-align: center;\"><strong>Siber G\u00fcvenlik Fark\u0131ndal\u0131k E\u011fitimi ile ilgili etkinlik istekleriniz i\u00e7in ileti\u015fim formunu kullanabilirsiniz.<\/strong><\/p>\n<p>&nbsp;<\/p>\n","protected":false},"excerpt":{"rendered":"<p>#\u00dccretsiz #Herkesi\u00e7in #Siberg\u00fcvenlikfark\u0131ndal\u0131\u011f\u0131 Siber G\u00fcvenlik Fark\u0131ndal\u0131k E\u011fitimi ile ilgili etkinlik istekleriniz i\u00e7in ileti\u015fim formunu kullanabilirsiniz. &nbsp;<\/p>\n","protected":false},"author":1,"featured_media":0,"parent":0,"menu_order":0,"comment_status":"closed","ping_status":"closed","template":"","meta":{"footnotes":""},"class_list":["post-2721","page","type-page","status-publish","hentry"],"_links":{"self":[{"href":"https:\/\/www.technologistwomen.org\/index.php\/wp-json\/wp\/v2\/pages\/2721","targetHints":{"allow":["GET"]}}],"collection":[{"href":"https:\/\/www.technologistwomen.org\/index.php\/wp-json\/wp\/v2\/pages"}],"about":[{"href":"https:\/\/www.technologistwomen.org\/index.php\/wp-json\/wp\/v2\/types\/page"}],"author":[{"embeddable":true,"href":"https:\/\/www.technologistwomen.org\/index.php\/wp-json\/wp\/v2\/users\/1"}],"replies":[{"embeddable":true,"href":"https:\/\/www.technologistwomen.org\/index.php\/wp-json\/wp\/v2\/comments?post=2721"}],"version-history":[{"count":5,"href":"https:\/\/www.technologistwomen.org\/index.php\/wp-json\/wp\/v2\/pages\/2721\/revisions"}],"predecessor-version":[{"id":2775,"href":"https:\/\/www.technologistwomen.org\/index.php\/wp-json\/wp\/v2\/pages\/2721\/revisions\/2775"}],"wp:attachment":[{"href":"https:\/\/www.technologistwomen.org\/index.php\/wp-json\/wp\/v2\/media?parent=2721"}],"curies":[{"name":"wp","href":"https:\/\/api.w.org\/{rel}","templated":true}]}}