{"id":2719,"date":"2022-03-09T15:36:36","date_gmt":"2022-03-09T12:36:36","guid":{"rendered":"https:\/\/www.technologistwomen.org\/?page_id=2719"},"modified":"2022-03-10T16:02:24","modified_gmt":"2022-03-10T13:02:24","slug":"dijital-guvenlik-2022","status":"publish","type":"page","link":"https:\/\/www.technologistwomen.org\/index.php\/dijital-guvenlik-2022\/","title":{"rendered":"D\u0130J\u0130TAL G\u00dcVENL\u0130K &#8211; 2022"},"content":{"rendered":"<h2 style=\"text-align: center;\"><span style=\"color: #ff0000;\"><strong>&#8220;Zincirin en zay\u0131f halkas\u0131 i\u00e7in g\u00fc\u00e7l\u00fcy\u00fcz!&#8221;<\/strong><\/span><\/h2>\n<p style=\"text-align: center;\"><strong>Dijital G\u00fcvenlik Projemiz kapsam\u0131nda<\/strong><\/p>\n<p style=\"text-align: center;\"><strong>Herkes i\u00e7in &#8220;Dijital G\u00fcvenlik Fark\u0131ndal\u0131k&#8221; etkinlikleri d\u00fczenliyoruz. Ayr\u0131ca<\/strong><\/p>\n<p style=\"text-align: center;\"><strong>Sekt\u00f6r\u00fcn ihtiya\u00e7 duydu\u011fu nitelikli insan k\u0131ymetini yeti\u015ftirmek i\u00e7in <\/strong><\/p>\n<p style=\"text-align: center;\"><strong>Dijital G\u00fcvenlik Uzman\u0131 yeti\u015ftirme e\u011fitim programlar\u0131n\u0131 <\/strong><\/p>\n<p style=\"text-align: center;\"><strong>Sivil\u00a0 Toplum Kurulu\u015flar\u0131, Kamu, \u00d6zel Sekt\u00f6r ve Teknoloji Firmalar\u0131n\u0131n i\u015f birli\u011fi ile hayata ge\u00e7iriyoruz.<\/strong><\/p>\n<p>&nbsp;<\/p>\n","protected":false},"excerpt":{"rendered":"<p>&#8220;Zincirin en zay\u0131f halkas\u0131 i\u00e7in g\u00fc\u00e7l\u00fcy\u00fcz!&#8221; Dijital G\u00fcvenlik Projemiz kapsam\u0131nda Herkes i\u00e7in &#8220;Dijital G\u00fcvenlik Fark\u0131ndal\u0131k&#8221; etkinlikleri d\u00fczenliyoruz. Ayr\u0131ca Sekt\u00f6r\u00fcn ihtiya\u00e7 duydu\u011fu nitelikli [&hellip;]<\/p>\n","protected":false},"author":1,"featured_media":0,"parent":0,"menu_order":0,"comment_status":"closed","ping_status":"closed","template":"","meta":{"footnotes":""},"class_list":["post-2719","page","type-page","status-publish","hentry"],"_links":{"self":[{"href":"https:\/\/www.technologistwomen.org\/index.php\/wp-json\/wp\/v2\/pages\/2719","targetHints":{"allow":["GET"]}}],"collection":[{"href":"https:\/\/www.technologistwomen.org\/index.php\/wp-json\/wp\/v2\/pages"}],"about":[{"href":"https:\/\/www.technologistwomen.org\/index.php\/wp-json\/wp\/v2\/types\/page"}],"author":[{"embeddable":true,"href":"https:\/\/www.technologistwomen.org\/index.php\/wp-json\/wp\/v2\/users\/1"}],"replies":[{"embeddable":true,"href":"https:\/\/www.technologistwomen.org\/index.php\/wp-json\/wp\/v2\/comments?post=2719"}],"version-history":[{"count":3,"href":"https:\/\/www.technologistwomen.org\/index.php\/wp-json\/wp\/v2\/pages\/2719\/revisions"}],"predecessor-version":[{"id":2739,"href":"https:\/\/www.technologistwomen.org\/index.php\/wp-json\/wp\/v2\/pages\/2719\/revisions\/2739"}],"wp:attachment":[{"href":"https:\/\/www.technologistwomen.org\/index.php\/wp-json\/wp\/v2\/media?parent=2719"}],"curies":[{"name":"wp","href":"https:\/\/api.w.org\/{rel}","templated":true}]}}