{"id":2485,"date":"2020-08-13T16:19:30","date_gmt":"2020-08-13T13:19:30","guid":{"rendered":"https:\/\/www.technologistwomen.org\/?page_id=2485"},"modified":"2020-10-27T17:51:43","modified_gmt":"2020-10-27T14:51:43","slug":"dijital-anne","status":"publish","type":"page","link":"https:\/\/www.technologistwomen.org\/index.php\/dijital-anne\/","title":{"rendered":"Dijital Anne"},"content":{"rendered":"<div class=\"fusion-fullwidth fullwidth-box nonhundred-percent-fullwidth non-hundred-percent-height-scrolling\"  style='background-color: rgba(255,255,255,0);background-position: center center;background-repeat: no-repeat;padding-top:0px;padding-right:0px;padding-bottom:0px;padding-left:0px;'><div class=\"fusion-builder-row fusion-row \"><div  class=\"fusion-layout-column fusion_builder_column fusion_builder_column_2_3 fusion-builder-column-1 fusion-two-third fusion-column-first 2_3\"  style='margin-top:0px;margin-bottom:0px;width:66.66%;width:calc(66.66% - ( ( 4% ) * 0.6666 ) );margin-right: 4%;'>\n\t\t\t\t\t<div class=\"fusion-column-wrapper\" style=\"padding: 0px 0px 0px 0px;background-position:left top;background-repeat:no-repeat;-webkit-background-size:cover;-moz-background-size:cover;-o-background-size:cover;background-size:cover;\"   data-bg-url=\"\">\n\t\t\t\t\t\t<div class=\"imageframe-align-center\"><span class=\"fusion-imageframe imageframe-none imageframe-1 hover-type-none\"><a class=\"fusion-no-lightbox\" href=\"https:\/\/dijitalanne.online\/\" target=\"_self\" aria-label=\"Dijital Anne-01.Logo jpg\"><img loading=\"lazy\" decoding=\"async\" src=\"https:\/\/www.technologistwomen.org\/wp-content\/uploads\/2020\/09\/Dijital-Anne-01.Logo-jpg-300x218.jpeg\" width=\"300\" height=\"218\" alt=\"\" class=\"img-responsive wp-image-2545\" srcset=\"https:\/\/www.technologistwomen.org\/wp-content\/uploads\/2020\/09\/Dijital-Anne-01.Logo-jpg-200x145.jpeg 200w, https:\/\/www.technologistwomen.org\/wp-content\/uploads\/2020\/09\/Dijital-Anne-01.Logo-jpg-400x291.jpeg 400w, https:\/\/www.technologistwomen.org\/wp-content\/uploads\/2020\/09\/Dijital-Anne-01.Logo-jpg.jpeg 592w\" sizes=\"auto, (max-width: 800px) 100vw, 300px\" \/><\/a><\/span><\/div><div class=\"fusion-text\"><h3><span style=\"color: #802699;\">Dijital Anne Projesi Avrupa Birli\u011fi Sivil D\u00fc\u015f\u00fcn Bizi Ba\u011flayan \u015eeyler Kapsam\u0131nda bir projedir. Proje ile annelerin dijital okuryazarl\u0131k seviyelerini artt\u0131rmak, dijital haber tehdit ve f\u0131rsatlar\u0131n fark\u0131na varmalar\u0131n\u0131 sa\u011flamak ve anneler i\u00e7in dijital giri\u015fimcilik ile ilgili fark\u0131ndal\u0131k olu\u015fturmak hedeflenmektedir.Di\u011fer yandan, bu proje toplumuzun temel aile kurumu i\u00e7in \u00f6nemli bir rol \u00fcstelenen annelerin e\u011fitimlerini kazanabilecekleri dijital giri\u015fimcilik fark\u0131ndal\u0131k olu\u015fturmaya katk\u0131 sa\u011flama amac\u0131n\u0131 s\u00fcrd\u00fcrmektedir.Proje sa\u011flayan dijital anne online e\u011fitimleri Technologist Women Platformu taraf\u0131ndan annelerle bulu\u015fturulacakt\u0131r. Online olarak yap\u0131lacak e\u011fitim t\u00fcm T\u00fcrkiye&#8217;den a\u00e7\u0131klara a\u00e7\u0131k. Kat\u0131l\u0131m \u00fccretsizdir ve e\u011fitim kat\u0131l\u0131m sertifikalar\u0131 mail adreslerine g\u00f6nderilecektir.<\/span><\/h3>\n<\/div><div class=\"fusion-clearfix\"><\/div>\n\n\t\t\t\t\t<\/div>\n\t\t\t\t<\/div><div  class=\"fusion-layout-column fusion_builder_column fusion_builder_column_1_3 fusion-builder-column-2 fusion-one-third fusion-column-last fusion-column-inner-bg-wrapper 1_3\"  style='margin-top:0px;margin-bottom:0px;width:33.33%;width:calc(33.33% - ( ( 4% ) * 0.3333 ) );'>\n\t\t\t\t\t<div class=\"fusion-column-wrapper\" style=\"padding: 0px 0px 0px 0px;\" data-bg-url=\"\">\n\t\t\t\t\t\t<div class=\"fusion-text\"><p><img loading=\"lazy\" decoding=\"async\" class=\"aligncenter wp-image-2514 size-large\" src=\"https:\/\/www.technologistwomen.org\/wp-content\/uploads\/2020\/09\/DijitalAnnelerBuraya.jpeg\" alt=\"\" width=\"1024\" height=\"1024\" \/><\/p>\n<\/div><div class=\"fusion-button-wrapper\"><style type=\"text\/css\" scoped=\"scoped\">.fusion-button.button-1 .fusion-button-text, .fusion-button.button-1 i {color:#ffe500;}.fusion-button.button-1 {border-width:0px;border-color:#ffe500;}.fusion-button.button-1 .fusion-button-icon-divider{border-color:#ffe500;}.fusion-button.button-1.button-3d{-webkit-box-shadow: inset 0px 1px 0px #fff,0px 4px 0px #2a51aa,1px 6px 6px 3px rgba(0,0,0,0.3);-moz-box-shadow: inset 0px 1px 0px #fff,0px 4px 0px #2a51aa,1px 6px 6px 3px rgba(0,0,0,0.3);box-shadow: inset 0px 1px 0px #fff,0px 4px 0px #2a51aa,1px 6px 6px 3px rgba(0,0,0,0.3);}.button-1.button-3d:active{-webkit-box-shadow: inset 0px 1px 0px #fff,0px 4px 0px #2a51aa,1px 6px 6px 3px rgba(0,0,0,0.3);-moz-box-shadow: inset 0px 1px 0px #fff,0px 4px 0px #2a51aa,1px 6px 6px 3px rgba(0,0,0,0.3);box-shadow: inset 0px 1px 0px #fff,0px 4px 0px #2a51aa,1px 6px 6px 3px rgba(0,0,0,0.3);}.fusion-button.button-1:hover .fusion-button-text, .fusion-button.button-1:hover i,.fusion-button.button-1:focus .fusion-button-text, .fusion-button.button-1:focus i,.fusion-button.button-1:active .fusion-button-text, .fusion-button.button-1:active{color:#edab07;}.fusion-button.button-1:hover, .fusion-button.button-1:focus, .fusion-button.button-1:active{border-width:0px;border-color:#edab07;}.fusion-button.button-1:hover .fusion-button-icon-divider, .fusion-button.button-1:hover .fusion-button-icon-divider, .fusion-button.button-1:active .fusion-button-icon-divider{border-color:#edab07;}.fusion-button.button-1{background: #4d00d3;\n\t\t\t\t\t\t\tbackground-image: -webkit-gradient( linear, left bottom, left top, from( #bd44e5 ), to( #4d00d3 ) );\n\t\t\t\t\t\t\tbackground-image: -webkit-linear-gradient( bottom, #bd44e5, #4d00d3 );\n\t\t\t\t\t\t\tbackground-image:   -moz-linear-gradient( bottom, #bd44e5, #4d00d3 );\n\t\t\t\t\t\t\tbackground-image:     -o-linear-gradient( bottom, #bd44e5, #4d00d3 );\n\t\t\t\t\t\t\tbackground-image: linear-gradient( to top, #bd44e5, #4d00d3 );}.fusion-button.button-1:hover,.button-1:focus,.fusion-button.button-1:active{background: #802699;}.fusion-button.button-1{width:100%;}<\/style><a class=\"fusion-button button-3d fusion-button-round button-large button-custom button-1 fusion-animated\" data-animationType=\"flash\" data-animationDuration=\"0.3\" data-animationOffset=\"100%\" target=\"_self\" href=\"https:\/\/www.jotform.com\/202911537780961\"><span class=\"fusion-button-text\">Dijital Anne Ba\u015fvuru<\/span><\/a><\/div><div class=\"fusion-clearfix\"><\/div>\n\t\t\t\t\t<\/div><span class=\"fusion-column-inner-bg hover-type-none\" >\n\t\t\t\t\t\t<a href=\"https:\/\/dijitalanne.online\/\" aria-label=\"\">\n\t\t\t\t\t\t\t<span class=\"fusion-column-inner-bg-image\"  style=\"background-position:left top;background-repeat:no-repeat;-webkit-background-size:cover;-moz-background-size:cover;-o-background-size:cover;background-size:cover;\"><\/span><\/a>\n\t\t\t\t\t<\/span>\n\t\t\t\t<\/div><\/div><\/div>\n","protected":false},"excerpt":{"rendered":"","protected":false},"author":1,"featured_media":0,"parent":0,"menu_order":0,"comment_status":"closed","ping_status":"closed","template":"","meta":{"footnotes":""},"class_list":["post-2485","page","type-page","status-publish","hentry"],"_links":{"self":[{"href":"https:\/\/www.technologistwomen.org\/index.php\/wp-json\/wp\/v2\/pages\/2485","targetHints":{"allow":["GET"]}}],"collection":[{"href":"https:\/\/www.technologistwomen.org\/index.php\/wp-json\/wp\/v2\/pages"}],"about":[{"href":"https:\/\/www.technologistwomen.org\/index.php\/wp-json\/wp\/v2\/types\/page"}],"author":[{"embeddable":true,"href":"https:\/\/www.technologistwomen.org\/index.php\/wp-json\/wp\/v2\/users\/1"}],"replies":[{"embeddable":true,"href":"https:\/\/www.technologistwomen.org\/index.php\/wp-json\/wp\/v2\/comments?post=2485"}],"version-history":[{"count":35,"href":"https:\/\/www.technologistwomen.org\/index.php\/wp-json\/wp\/v2\/pages\/2485\/revisions"}],"predecessor-version":[{"id":2604,"href":"https:\/\/www.technologistwomen.org\/index.php\/wp-json\/wp\/v2\/pages\/2485\/revisions\/2604"}],"wp:attachment":[{"href":"https:\/\/www.technologistwomen.org\/index.php\/wp-json\/wp\/v2\/media?parent=2485"}],"curies":[{"name":"wp","href":"https:\/\/api.w.org\/{rel}","templated":true}]}}